{"id":100802,"date":"2024-12-18T11:22:11","date_gmt":"2024-12-18T10:22:11","guid":{"rendered":"https:\/\/www.polswissart.pl\/?page_id=100802"},"modified":"2025-02-28T14:03:38","modified_gmt":"2025-02-28T13:03:38","slug":"ask-about-the-object","status":"publish","type":"page","link":"https:\/\/www.polswissart.pl\/en\/ask-about-the-object\/","title":{"rendered":"Ask about the object"},"content":{"rendered":"","protected":false},"excerpt":{"rendered":"","protected":false},"author":3,"featured_media":0,"parent":0,"menu_order":0,"comment_status":"closed","ping_status":"closed","template":"templates\/page-zapytaj-o-obiekt.php","meta":{"_acf_changed":false,"inline_featured_image":false,"footnotes":""},"class_list":["post-100802","page","type-page","status-publish","hentry"],"acf":[],"yoast_head":"<!-- This site is optimized with the Yoast SEO plugin v23.9 - https:\/\/yoast.com\/wordpress\/plugins\/seo\/ -->\n<title>Ask about the object | Dom Aukcyjny Polswiss Art<\/title>\n<meta name=\"robots\" content=\"index, follow, max-snippet:-1, max-image-preview:large, max-video-preview:-1\" \/>\n<link rel=\"canonical\" href=\"https:\/\/www.polswissart.pl\/en\/ask-about-the-object\/\" \/>\n<meta property=\"og:locale\" content=\"en_US\" \/>\n<meta property=\"og:type\" content=\"article\" \/>\n<meta property=\"og:title\" content=\"Ask about the object | Dom Aukcyjny Polswiss Art\" \/>\n<meta property=\"og:url\" content=\"https:\/\/www.polswissart.pl\/en\/ask-about-the-object\/\" \/>\n<meta property=\"og:site_name\" content=\"Dom Aukcyjny Polswiss Art\" \/>\n<meta property=\"article:modified_time\" content=\"2025-02-28T13:03:38+00:00\" \/>\n<meta name=\"twitter:card\" content=\"summary_large_image\" \/>\n<script type=\"application\/ld+json\" class=\"yoast-schema-graph\">{\"@context\":\"https:\/\/schema.org\",\"@graph\":[{\"@type\":\"WebPage\",\"@id\":\"https:\/\/www.polswissart.pl\/en\/ask-about-the-object\/\",\"url\":\"https:\/\/www.polswissart.pl\/en\/ask-about-the-object\/\",\"name\":\"Ask about the object | Dom Aukcyjny Polswiss Art\",\"isPartOf\":{\"@id\":\"https:\/\/www.polswissart.pl\/en\/#website\"},\"datePublished\":\"2024-12-18T10:22:11+00:00\",\"dateModified\":\"2025-02-28T13:03:38+00:00\",\"breadcrumb\":{\"@id\":\"https:\/\/www.polswissart.pl\/en\/ask-about-the-object\/#breadcrumb\"},\"inLanguage\":\"en-US\",\"potentialAction\":[{\"@type\":\"ReadAction\",\"target\":[\"https:\/\/www.polswissart.pl\/en\/ask-about-the-object\/\"]}]},{\"@type\":\"BreadcrumbList\",\"@id\":\"https:\/\/www.polswissart.pl\/en\/ask-about-the-object\/#breadcrumb\",\"itemListElement\":[{\"@type\":\"ListItem\",\"position\":1,\"name\":\"Strona g\u0142\u00f3wna\",\"item\":\"https:\/\/www.polswissart.pl\/en\/\"},{\"@type\":\"ListItem\",\"position\":2,\"name\":\"Ask about the object\"}]},{\"@type\":\"WebSite\",\"@id\":\"https:\/\/www.polswissart.pl\/en\/#website\",\"url\":\"https:\/\/www.polswissart.pl\/en\/\",\"name\":\"Dom Aukcyjny Polswiss Art\",\"description\":\"Od 1990 roku Dom Aukcyjny Polswiss Art gromadzi wok\u00f3\u0142 siebie wyj\u0105tkowe grono elity polskiego biznesu, kolekcjoner\u00f3w sztuki, koneser\u00f3w malarstwa, oraz osobowo\u015bci \u015bwiata kultury, organizuj\u0105c w swojej galerii wernisa\u017ce wystaw oraz aukcje dzie\u0142 sztuki.\",\"potentialAction\":[{\"@type\":\"SearchAction\",\"target\":{\"@type\":\"EntryPoint\",\"urlTemplate\":\"https:\/\/www.polswissart.pl\/en\/?s={search_term_string}\"},\"query-input\":{\"@type\":\"PropertyValueSpecification\",\"valueRequired\":true,\"valueName\":\"search_term_string\"}}],\"inLanguage\":\"en-US\"}]}<\/script>\n<!-- \/ Yoast SEO plugin. -->","yoast_head_json":{"title":"Ask about the object | Dom Aukcyjny Polswiss Art","robots":{"index":"index","follow":"follow","max-snippet":"max-snippet:-1","max-image-preview":"max-image-preview:large","max-video-preview":"max-video-preview:-1"},"canonical":"https:\/\/www.polswissart.pl\/en\/ask-about-the-object\/","og_locale":"en_US","og_type":"article","og_title":"Ask about the object | Dom Aukcyjny Polswiss Art","og_url":"https:\/\/www.polswissart.pl\/en\/ask-about-the-object\/","og_site_name":"Dom Aukcyjny Polswiss Art","article_modified_time":"2025-02-28T13:03:38+00:00","twitter_card":"summary_large_image","schema":{"@context":"https:\/\/schema.org","@graph":[{"@type":"WebPage","@id":"https:\/\/www.polswissart.pl\/en\/ask-about-the-object\/","url":"https:\/\/www.polswissart.pl\/en\/ask-about-the-object\/","name":"Ask about the object | Dom Aukcyjny Polswiss Art","isPartOf":{"@id":"https:\/\/www.polswissart.pl\/en\/#website"},"datePublished":"2024-12-18T10:22:11+00:00","dateModified":"2025-02-28T13:03:38+00:00","breadcrumb":{"@id":"https:\/\/www.polswissart.pl\/en\/ask-about-the-object\/#breadcrumb"},"inLanguage":"en-US","potentialAction":[{"@type":"ReadAction","target":["https:\/\/www.polswissart.pl\/en\/ask-about-the-object\/"]}]},{"@type":"BreadcrumbList","@id":"https:\/\/www.polswissart.pl\/en\/ask-about-the-object\/#breadcrumb","itemListElement":[{"@type":"ListItem","position":1,"name":"Strona g\u0142\u00f3wna","item":"https:\/\/www.polswissart.pl\/en\/"},{"@type":"ListItem","position":2,"name":"Ask about the object"}]},{"@type":"WebSite","@id":"https:\/\/www.polswissart.pl\/en\/#website","url":"https:\/\/www.polswissart.pl\/en\/","name":"Dom Aukcyjny Polswiss Art","description":"Od 1990 roku Dom Aukcyjny Polswiss Art gromadzi wok\u00f3\u0142 siebie wyj\u0105tkowe grono elity polskiego biznesu, kolekcjoner\u00f3w sztuki, koneser\u00f3w malarstwa, oraz osobowo\u015bci \u015bwiata kultury, organizuj\u0105c w swojej galerii wernisa\u017ce wystaw oraz aukcje dzie\u0142 sztuki.","potentialAction":[{"@type":"SearchAction","target":{"@type":"EntryPoint","urlTemplate":"https:\/\/www.polswissart.pl\/en\/?s={search_term_string}"},"query-input":{"@type":"PropertyValueSpecification","valueRequired":true,"valueName":"search_term_string"}}],"inLanguage":"en-US"}]}},"_links":{"self":[{"href":"https:\/\/www.polswissart.pl\/en\/wp-json\/wp\/v2\/pages\/100802","targetHints":{"allow":["GET"]}}],"collection":[{"href":"https:\/\/www.polswissart.pl\/en\/wp-json\/wp\/v2\/pages"}],"about":[{"href":"https:\/\/www.polswissart.pl\/en\/wp-json\/wp\/v2\/types\/page"}],"author":[{"embeddable":true,"href":"https:\/\/www.polswissart.pl\/en\/wp-json\/wp\/v2\/users\/3"}],"replies":[{"embeddable":true,"href":"https:\/\/www.polswissart.pl\/en\/wp-json\/wp\/v2\/comments?post=100802"}],"version-history":[{"count":1,"href":"https:\/\/www.polswissart.pl\/en\/wp-json\/wp\/v2\/pages\/100802\/revisions"}],"predecessor-version":[{"id":100803,"href":"https:\/\/www.polswissart.pl\/en\/wp-json\/wp\/v2\/pages\/100802\/revisions\/100803"}],"wp:attachment":[{"href":"https:\/\/www.polswissart.pl\/en\/wp-json\/wp\/v2\/media?parent=100802"}],"curies":[{"name":"wp","href":"https:\/\/api.w.org\/{rel}","templated":true}]}}