{"id":879,"date":"2024-07-18T11:43:27","date_gmt":"2024-07-18T09:43:27","guid":{"rendered":"https:\/\/polswiss.dev2.canvaswhite.pl\/zakup-dziel-sztuki-z-oferty-galerii\/"},"modified":"2025-04-17T16:01:10","modified_gmt":"2025-04-17T14:01:10","slug":"zakup-dziel-sztuki-z-oferty-galerii","status":"publish","type":"page","link":"https:\/\/www.polswissart.pl\/en\/zakup-dziel-sztuki\/zakup-dziel-sztuki-z-oferty-galerii\/","title":{"rendered":"Zakup dzie\u0142 sztuki z oferty galerii"},"content":{"rendered":"<h2 class=\"h2 buying-art__h2\">Zakup dzie\u0142 sztuki z oferty galeryjnej<\/h2><p class=\"text\">W galerii domu aukcyjnego prezentujemy Pa\u0144stwu ofert\u0119 wybranych dzie\u0142 sztuki dost\u0119pnych do zakupu poza aukcj\u0105. Znajd\u0105 tam Pa\u0144stwo zar\u00f3wno dzie\u0142a klasyk\u00f3w polskiej sztuki przedwojennej, jak i\u00a0okresu mi\u0119dzywojennego, bardzo bogaty zbi\u00f3r prac szko\u0142y paryskiej i\u00a0szeroki wyb\u00f3r sztuki wsp\u00f3\u0142czesnej oraz rze\u017aby. <br>Aktualna oferta galerii dost\u0119pna jest na naszej stronie internetowej.<\/p><a class=\"button\" href=\"https:\/\/www.polswissart.pl\/en\/obrazy-galerii\/dostepne-obiekty\/\"> Zobacz wszystkie obiekty <\/a><h2 class=\"h2 buying-art__h2 buying-art__mt-64\">Jak kupi\u0107 obiekt z oferty galerii?<\/h2><p class=\"text\">Zapraszamy do zapoznania si\u0119 z ofert\u0105 obiekt\u00f3w na naszej stronie internetowej lub osobistego odwiedzenia i zobaczenia wystawy w naszej galerii. <br><br>Je\u015bli kt\u00f3ry\u015b z obiekt\u00f3w zwr\u00f3ci\u0142 Pa\u0144stwa uwag\u0119, po prostu zapraszamy do kontaktu! <br>Nasi doradcy odpowiedz\u0105 na wszelkie pytania zwi\u0105zane z obiektem oraz przeprowadz\u0105 przez proces zakupu i odbioru obiektu. <br><br>+48 (22) 62 81\u00a0367 <br><a href=\"mailto:galeria@polswissart.pl\">galeria@polswissart.pl<\/a> <br><br>Je\u017celi natomiast poszukuj\u0105 Pa\u0144stwo konkretnego dzie\u0142a sztuki do swojej kolekcji, a nie jest ono dost\u0119pne w ofercie galerii, zapraszamy do rozmowy. Ch\u0119tnie pomo\u017cemy w tych poszukiwaniach i poinformujemy, gdy w naszej ofercie pojawi\u0105 si\u0119 obiekty, spe\u0142niaj\u0105ce Pa\u0144stwa oczekiwania. <br><br>Zobacz nasza ofert\u0119 dedykowanej wsp\u00f3\u0142pracy i indywidualnych us\u0142ug private sale.<\/p><a class=\"button\" href=\"https:\/\/www.polswissart.pl\/en\/ekskluzywna-sprzedaz\/\">Private sale<\/a><h2 class=\"h2 buying-art__h2 buying-art__mt-64\">Finalizacja transakcji i odbi\u00f3r dzie\u0142a<\/h2><p class=\"text\">P\u0142atno\u015b\u0107 za zakup nast\u0119puj\u0119 po ustaleniu szczeg\u00f3\u0142\u00f3w transakcji z doradc\u0105 i dope\u0142nieniu formalno\u015bci. P\u0142atno\u015bci mo\u017cna dokona\u0107 za pomoc\u0105 wp\u0142aty got\u00f3wkowej, p\u0142atno\u015bci kart\u0105 kredytow\u0105 lub za pomoc\u0105 przelewu bankowego. Do obiekt\u00f3w dost\u0119pnych w sprzeda\u017cy bie\u017c\u0105cej nie doliczamy op\u0142aty aukcyjnej.<br>Zakupione dzie\u0142o sztuki mog\u0105 Pa\u0144stwo odebra\u0107 samodzielnie z siedziby naszej firmy w Warszawie przy ul. Wiejskiej 20 lub ustali\u0107 z doradc\u0105 preferowan\u0105 form\u0119 transportu. Je\u017celi nie mog\u0105 Pa\u0144stwo odebra\u0107 zakupionego dzie\u0142a osobi\u015bcie, mo\u017ce to zrobi\u0107 w Pa\u0144stwa imieniu osoba posiadaj\u0105ca odpowiednie upowa\u017cnienie. W razie potrzeby pomagamy r\u00f3wnie\u017c w organizacji dedykowanego transportu wycenianego indywidualnie.<\/p>","protected":false},"excerpt":{"rendered":"Zakup dzie\u0142 sztuki z oferty galeryjnejW galerii domu aukcyjnego prezentujemy Pa\u0144stwu ofert\u0119 wybranych dzie\u0142 sztuki dost\u0119pnych do zakupu poza aukcj\u0105. Znajd\u0105 tam Pa\u0144stwo zar\u00f3wno dzie\u0142a klasyk\u00f3w polskiej sztuki przedwojennej, jak i\u00a0okresu mi\u0119dzywojennego, bardzo bogaty zbi\u00f3r prac szko\u0142y paryskiej i\u00a0szeroki wyb\u00f3r sztuki wsp\u00f3\u0142czesnej oraz rze\u017aby. Aktualna oferta galerii dost\u0119pna jest na naszej stronie internetowej. Zobacz wszystkie [&hellip;]","protected":false},"author":3,"featured_media":600,"parent":881,"menu_order":0,"comment_status":"closed","ping_status":"closed","template":"templates\/page-zakup-dziel-sztuki-z-oferty-galerii.php","meta":{"_acf_changed":false,"inline_featured_image":false,"footnotes":""},"class_list":["post-879","page","type-page","status-publish","has-post-thumbnail","hentry"],"acf":[],"yoast_head":"<!-- This site is optimized with the Yoast SEO plugin v23.9 - https:\/\/yoast.com\/wordpress\/plugins\/seo\/ -->\n<title>Zakup dzie\u0142 sztuki z oferty galerii | Dom Aukcyjny Polswiss Art<\/title>\n<meta name=\"robots\" content=\"index, follow, max-snippet:-1, max-image-preview:large, max-video-preview:-1\" \/>\n<link rel=\"canonical\" href=\"https:\/\/www.polswissart.pl\/en\/zakup-dziel-sztuki\/zakup-dziel-sztuki-z-oferty-galerii\/\" \/>\n<meta property=\"og:locale\" content=\"en_US\" \/>\n<meta property=\"og:type\" content=\"article\" \/>\n<meta property=\"og:title\" content=\"Zakup dzie\u0142 sztuki z oferty galerii | Dom Aukcyjny Polswiss Art\" \/>\n<meta property=\"og:description\" content=\"Zakup dzie\u0142 sztuki z oferty galeryjnejW galerii domu aukcyjnego prezentujemy Pa\u0144stwu ofert\u0119 wybranych dzie\u0142 sztuki dost\u0119pnych do zakupu poza aukcj\u0105. Znajd\u0105 tam Pa\u0144stwo zar\u00f3wno dzie\u0142a klasyk\u00f3w polskiej sztuki przedwojennej, jak i\u00a0okresu mi\u0119dzywojennego, bardzo bogaty zbi\u00f3r prac szko\u0142y paryskiej i\u00a0szeroki wyb\u00f3r sztuki wsp\u00f3\u0142czesnej oraz rze\u017aby. Aktualna oferta galerii dost\u0119pna jest na naszej stronie internetowej. Zobacz wszystkie [&hellip;]\" \/>\n<meta property=\"og:url\" content=\"https:\/\/www.polswissart.pl\/en\/zakup-dziel-sztuki\/zakup-dziel-sztuki-z-oferty-galerii\/\" \/>\n<meta property=\"og:site_name\" content=\"Dom Aukcyjny Polswiss Art\" \/>\n<meta property=\"article:modified_time\" content=\"2025-04-17T14:01:10+00:00\" \/>\n<meta property=\"og:image\" content=\"https:\/\/www.polswissart.pl\/wp-content\/uploads\/2024\/07\/Group-18648.png\" \/>\n\t<meta property=\"og:image:width\" content=\"2022\" \/>\n\t<meta property=\"og:image:height\" content=\"573\" \/>\n\t<meta property=\"og:image:type\" content=\"image\/png\" \/>\n<meta name=\"twitter:card\" content=\"summary_large_image\" \/>\n<meta name=\"twitter:label1\" content=\"Est. reading time\" \/>\n\t<meta name=\"twitter:data1\" content=\"2 minutes\" \/>\n<script type=\"application\/ld+json\" class=\"yoast-schema-graph\">{\"@context\":\"https:\/\/schema.org\",\"@graph\":[{\"@type\":\"WebPage\",\"@id\":\"https:\/\/www.polswissart.pl\/en\/zakup-dziel-sztuki\/zakup-dziel-sztuki-z-oferty-galerii\/\",\"url\":\"https:\/\/www.polswissart.pl\/en\/zakup-dziel-sztuki\/zakup-dziel-sztuki-z-oferty-galerii\/\",\"name\":\"Zakup dzie\u0142 sztuki z oferty galerii | Dom Aukcyjny Polswiss Art\",\"isPartOf\":{\"@id\":\"https:\/\/www.polswissart.pl\/en\/#website\"},\"primaryImageOfPage\":{\"@id\":\"https:\/\/www.polswissart.pl\/en\/zakup-dziel-sztuki\/zakup-dziel-sztuki-z-oferty-galerii\/#primaryimage\"},\"image\":{\"@id\":\"https:\/\/www.polswissart.pl\/en\/zakup-dziel-sztuki\/zakup-dziel-sztuki-z-oferty-galerii\/#primaryimage\"},\"thumbnailUrl\":\"https:\/\/www.polswissart.pl\/wp-content\/uploads\/2024\/07\/Group-18648.png\",\"datePublished\":\"2024-07-18T09:43:27+00:00\",\"dateModified\":\"2025-04-17T14:01:10+00:00\",\"breadcrumb\":{\"@id\":\"https:\/\/www.polswissart.pl\/en\/zakup-dziel-sztuki\/zakup-dziel-sztuki-z-oferty-galerii\/#breadcrumb\"},\"inLanguage\":\"en-US\",\"potentialAction\":[{\"@type\":\"ReadAction\",\"target\":[\"https:\/\/www.polswissart.pl\/en\/zakup-dziel-sztuki\/zakup-dziel-sztuki-z-oferty-galerii\/\"]}]},{\"@type\":\"ImageObject\",\"inLanguage\":\"en-US\",\"@id\":\"https:\/\/www.polswissart.pl\/en\/zakup-dziel-sztuki\/zakup-dziel-sztuki-z-oferty-galerii\/#primaryimage\",\"url\":\"https:\/\/www.polswissart.pl\/wp-content\/uploads\/2024\/07\/Group-18648.png\",\"contentUrl\":\"https:\/\/www.polswissart.pl\/wp-content\/uploads\/2024\/07\/Group-18648.png\",\"width\":2022,\"height\":573},{\"@type\":\"BreadcrumbList\",\"@id\":\"https:\/\/www.polswissart.pl\/en\/zakup-dziel-sztuki\/zakup-dziel-sztuki-z-oferty-galerii\/#breadcrumb\",\"itemListElement\":[{\"@type\":\"ListItem\",\"position\":1,\"name\":\"Strona g\u0142\u00f3wna\",\"item\":\"https:\/\/www.polswissart.pl\/en\/\"},{\"@type\":\"ListItem\",\"position\":2,\"name\":\"Purchase of works of art\",\"item\":\"https:\/\/www.polswissart.pl\/en\/zakup-dziel-sztuki\/\"},{\"@type\":\"ListItem\",\"position\":3,\"name\":\"Zakup dzie\u0142 sztuki z oferty galerii\"}]},{\"@type\":\"WebSite\",\"@id\":\"https:\/\/www.polswissart.pl\/en\/#website\",\"url\":\"https:\/\/www.polswissart.pl\/en\/\",\"name\":\"Dom Aukcyjny Polswiss Art\",\"description\":\"Od 1990 roku Dom Aukcyjny Polswiss Art gromadzi wok\u00f3\u0142 siebie wyj\u0105tkowe grono elity polskiego biznesu, kolekcjoner\u00f3w sztuki, koneser\u00f3w malarstwa, oraz osobowo\u015bci \u015bwiata kultury, organizuj\u0105c w swojej galerii wernisa\u017ce wystaw oraz aukcje dzie\u0142 sztuki.\",\"potentialAction\":[{\"@type\":\"SearchAction\",\"target\":{\"@type\":\"EntryPoint\",\"urlTemplate\":\"https:\/\/www.polswissart.pl\/en\/?s={search_term_string}\"},\"query-input\":{\"@type\":\"PropertyValueSpecification\",\"valueRequired\":true,\"valueName\":\"search_term_string\"}}],\"inLanguage\":\"en-US\"}]}<\/script>\n<!-- \/ Yoast SEO plugin. -->","yoast_head_json":{"title":"Zakup dzie\u0142 sztuki z oferty galerii | Dom Aukcyjny Polswiss Art","robots":{"index":"index","follow":"follow","max-snippet":"max-snippet:-1","max-image-preview":"max-image-preview:large","max-video-preview":"max-video-preview:-1"},"canonical":"https:\/\/www.polswissart.pl\/en\/zakup-dziel-sztuki\/zakup-dziel-sztuki-z-oferty-galerii\/","og_locale":"en_US","og_type":"article","og_title":"Zakup dzie\u0142 sztuki z oferty galerii | Dom Aukcyjny Polswiss Art","og_description":"Zakup dzie\u0142 sztuki z oferty galeryjnejW galerii domu aukcyjnego prezentujemy Pa\u0144stwu ofert\u0119 wybranych dzie\u0142 sztuki dost\u0119pnych do zakupu poza aukcj\u0105. Znajd\u0105 tam Pa\u0144stwo zar\u00f3wno dzie\u0142a klasyk\u00f3w polskiej sztuki przedwojennej, jak i\u00a0okresu mi\u0119dzywojennego, bardzo bogaty zbi\u00f3r prac szko\u0142y paryskiej i\u00a0szeroki wyb\u00f3r sztuki wsp\u00f3\u0142czesnej oraz rze\u017aby. Aktualna oferta galerii dost\u0119pna jest na naszej stronie internetowej. Zobacz wszystkie [&hellip;]","og_url":"https:\/\/www.polswissart.pl\/en\/zakup-dziel-sztuki\/zakup-dziel-sztuki-z-oferty-galerii\/","og_site_name":"Dom Aukcyjny Polswiss Art","article_modified_time":"2025-04-17T14:01:10+00:00","og_image":[{"width":2022,"height":573,"url":"https:\/\/www.polswissart.pl\/wp-content\/uploads\/2024\/07\/Group-18648.png","type":"image\/png"}],"twitter_card":"summary_large_image","twitter_misc":{"Est. reading time":"2 minutes"},"schema":{"@context":"https:\/\/schema.org","@graph":[{"@type":"WebPage","@id":"https:\/\/www.polswissart.pl\/en\/zakup-dziel-sztuki\/zakup-dziel-sztuki-z-oferty-galerii\/","url":"https:\/\/www.polswissart.pl\/en\/zakup-dziel-sztuki\/zakup-dziel-sztuki-z-oferty-galerii\/","name":"Zakup dzie\u0142 sztuki z oferty galerii | Dom Aukcyjny Polswiss Art","isPartOf":{"@id":"https:\/\/www.polswissart.pl\/en\/#website"},"primaryImageOfPage":{"@id":"https:\/\/www.polswissart.pl\/en\/zakup-dziel-sztuki\/zakup-dziel-sztuki-z-oferty-galerii\/#primaryimage"},"image":{"@id":"https:\/\/www.polswissart.pl\/en\/zakup-dziel-sztuki\/zakup-dziel-sztuki-z-oferty-galerii\/#primaryimage"},"thumbnailUrl":"https:\/\/www.polswissart.pl\/wp-content\/uploads\/2024\/07\/Group-18648.png","datePublished":"2024-07-18T09:43:27+00:00","dateModified":"2025-04-17T14:01:10+00:00","breadcrumb":{"@id":"https:\/\/www.polswissart.pl\/en\/zakup-dziel-sztuki\/zakup-dziel-sztuki-z-oferty-galerii\/#breadcrumb"},"inLanguage":"en-US","potentialAction":[{"@type":"ReadAction","target":["https:\/\/www.polswissart.pl\/en\/zakup-dziel-sztuki\/zakup-dziel-sztuki-z-oferty-galerii\/"]}]},{"@type":"ImageObject","inLanguage":"en-US","@id":"https:\/\/www.polswissart.pl\/en\/zakup-dziel-sztuki\/zakup-dziel-sztuki-z-oferty-galerii\/#primaryimage","url":"https:\/\/www.polswissart.pl\/wp-content\/uploads\/2024\/07\/Group-18648.png","contentUrl":"https:\/\/www.polswissart.pl\/wp-content\/uploads\/2024\/07\/Group-18648.png","width":2022,"height":573},{"@type":"BreadcrumbList","@id":"https:\/\/www.polswissart.pl\/en\/zakup-dziel-sztuki\/zakup-dziel-sztuki-z-oferty-galerii\/#breadcrumb","itemListElement":[{"@type":"ListItem","position":1,"name":"Strona g\u0142\u00f3wna","item":"https:\/\/www.polswissart.pl\/en\/"},{"@type":"ListItem","position":2,"name":"Purchase of works of art","item":"https:\/\/www.polswissart.pl\/en\/zakup-dziel-sztuki\/"},{"@type":"ListItem","position":3,"name":"Zakup dzie\u0142 sztuki z oferty galerii"}]},{"@type":"WebSite","@id":"https:\/\/www.polswissart.pl\/en\/#website","url":"https:\/\/www.polswissart.pl\/en\/","name":"Dom Aukcyjny Polswiss Art","description":"Od 1990 roku Dom Aukcyjny Polswiss Art gromadzi wok\u00f3\u0142 siebie wyj\u0105tkowe grono elity polskiego biznesu, kolekcjoner\u00f3w sztuki, koneser\u00f3w malarstwa, oraz osobowo\u015bci \u015bwiata kultury, organizuj\u0105c w swojej galerii wernisa\u017ce wystaw oraz aukcje dzie\u0142 sztuki.","potentialAction":[{"@type":"SearchAction","target":{"@type":"EntryPoint","urlTemplate":"https:\/\/www.polswissart.pl\/en\/?s={search_term_string}"},"query-input":{"@type":"PropertyValueSpecification","valueRequired":true,"valueName":"search_term_string"}}],"inLanguage":"en-US"}]}},"_links":{"self":[{"href":"https:\/\/www.polswissart.pl\/en\/wp-json\/wp\/v2\/pages\/879","targetHints":{"allow":["GET"]}}],"collection":[{"href":"https:\/\/www.polswissart.pl\/en\/wp-json\/wp\/v2\/pages"}],"about":[{"href":"https:\/\/www.polswissart.pl\/en\/wp-json\/wp\/v2\/types\/page"}],"author":[{"embeddable":true,"href":"https:\/\/www.polswissart.pl\/en\/wp-json\/wp\/v2\/users\/3"}],"replies":[{"embeddable":true,"href":"https:\/\/www.polswissart.pl\/en\/wp-json\/wp\/v2\/comments?post=879"}],"version-history":[{"count":7,"href":"https:\/\/www.polswissart.pl\/en\/wp-json\/wp\/v2\/pages\/879\/revisions"}],"predecessor-version":[{"id":104087,"href":"https:\/\/www.polswissart.pl\/en\/wp-json\/wp\/v2\/pages\/879\/revisions\/104087"}],"up":[{"embeddable":true,"href":"https:\/\/www.polswissart.pl\/en\/wp-json\/wp\/v2\/pages\/881"}],"wp:featuredmedia":[{"embeddable":true,"href":"https:\/\/www.polswissart.pl\/en\/wp-json\/wp\/v2\/media\/600"}],"wp:attachment":[{"href":"https:\/\/www.polswissart.pl\/en\/wp-json\/wp\/v2\/media?parent=879"}],"curies":[{"name":"wp","href":"https:\/\/api.w.org\/{rel}","templated":true}]}}